{"id":82,"date":"2024-08-23T08:45:33","date_gmt":"2024-08-23T08:45:33","guid":{"rendered":"https:\/\/tedxpollica.org\/?page_id=82"},"modified":"2024-08-23T08:45:33","modified_gmt":"2024-08-23T08:45:33","slug":"alex-braga","status":"publish","type":"page","link":"https:\/\/tedxpollica.org\/?page_id=82","title":{"rendered":"Alex Braga"},"content":{"rendered":"\n<figure class=\"wp-block-image size-large\"><img loading=\"lazy\" decoding=\"async\" width=\"1024\" height=\"1024\" src=\"https:\/\/tedxpollica.org\/wp-content\/uploads\/2024\/08\/TedxPollica24-9-1024x1024.png\" alt=\"\" class=\"wp-image-83\" srcset=\"https:\/\/tedxpollica.org\/wp-content\/uploads\/2024\/08\/TedxPollica24-9-1024x1024.png 1024w, https:\/\/tedxpollica.org\/wp-content\/uploads\/2024\/08\/TedxPollica24-9-300x300.png 300w, https:\/\/tedxpollica.org\/wp-content\/uploads\/2024\/08\/TedxPollica24-9-150x150.png 150w, https:\/\/tedxpollica.org\/wp-content\/uploads\/2024\/08\/TedxPollica24-9-768x768.png 768w, https:\/\/tedxpollica.org\/wp-content\/uploads\/2024\/08\/TedxPollica24-9.png 1080w\" sizes=\"auto, (max-width: 1024px) 100vw, 1024px\" \/><\/figure>\n\n\n\n\n\n<h1 class=\"wp-block-heading\">Alex Braga<\/h1>\n\n\n\n<h5 class=\"wp-block-heading\">Artist<\/h5>\n\n\n\n<p>Classe 1976, Artista, musicista e produttore, Alex Braga \u00e8 un pioniere nel campo dell&#8217;intelligenza artificiale in Italia. Ha sviluppato A-MINT, un ecosistema di intelligenza artificiale adattiva che lavora in tempo reale e interagisce con gli artisti sia su parametri audio che visivi. Spleen Machine (2019) \u00e8 il suo primo disco completo, prodotto dall&#8217;etichetta tedesca 7K! \u00c8 stato anche inserito da Rolling Stone Italia tra i 10 dischi pi\u00f9 influenti realizzati con l&#8217;AI, a parte Holly Herndon. Lo show Spleen Machine AV \u00e8 stato presentato in prestigiosi festival e sedi in Europa, tra cui Ars Electronica, Mutek, Sonar, RomaEuropa, Centre Pompidou, Rothko Center. Il suo nuovo progetto Automatic Impermanence ha debuttato come installazione d&#8217;arte e performance nella vendutissima mostra \u201cIpotesi Metaverso\u201d. Uno spettacolo multimediale immersivo e un disco debutteranno nel 2024.<\/p>\n","protected":false},"excerpt":{"rendered":"<p>Alex Braga Artist Classe 1976, Artista, musicista e produttore, Alex Braga \u00e8 un pioniere nel campo dell&#8217;intelligenza artificiale in Italia. Ha sviluppato A-MINT, un ecosistema di intelligenza artificiale adattiva che lavora in tempo reale e interagisce con gli artisti sia su parametri audio che visivi. Spleen Machine (2019) \u00e8 il suo primo disco completo, prodotto [&#8230;]\n","protected":false},"author":2,"featured_media":0,"parent":0,"menu_order":0,"comment_status":"closed","ping_status":"closed","template":"","meta":{"footnotes":""},"class_list":["post-82","page","type-page","status-publish","hentry"],"_links":{"self":[{"href":"https:\/\/tedxpollica.org\/index.php?rest_route=\/wp\/v2\/pages\/82","targetHints":{"allow":["GET"]}}],"collection":[{"href":"https:\/\/tedxpollica.org\/index.php?rest_route=\/wp\/v2\/pages"}],"about":[{"href":"https:\/\/tedxpollica.org\/index.php?rest_route=\/wp\/v2\/types\/page"}],"author":[{"embeddable":true,"href":"https:\/\/tedxpollica.org\/index.php?rest_route=\/wp\/v2\/users\/2"}],"replies":[{"embeddable":true,"href":"https:\/\/tedxpollica.org\/index.php?rest_route=%2Fwp%2Fv2%2Fcomments&post=82"}],"version-history":[{"count":1,"href":"https:\/\/tedxpollica.org\/index.php?rest_route=\/wp\/v2\/pages\/82\/revisions"}],"predecessor-version":[{"id":84,"href":"https:\/\/tedxpollica.org\/index.php?rest_route=\/wp\/v2\/pages\/82\/revisions\/84"}],"wp:attachment":[{"href":"https:\/\/tedxpollica.org\/index.php?rest_route=%2Fwp%2Fv2%2Fmedia&parent=82"}],"curies":[{"name":"wp","href":"https:\/\/api.w.org\/{rel}","templated":true}]}}